{"id":95,"date":"2020-01-29T18:17:08","date_gmt":"2020-01-29T18:17:08","guid":{"rendered":"http:\/\/difelfuerte.com.mx\/v2\/?page_id=95"},"modified":"2020-01-29T18:17:08","modified_gmt":"2020-01-29T18:17:08","slug":"sistema-dif-el-fuerte","status":"publish","type":"page","link":"https:\/\/difelfuerte.com.mx\/v2\/?page_id=95","title":{"rendered":"Sistema DIF El Fuerte"},"content":{"rendered":"\n<p><strong>\u00bfQuienes Somos?<\/strong><\/p>\n\n\n\n<p><strong>Misi\u00f3n<\/strong><\/p>\n\n\n\n<p> La responsabilidad del Sistema para el Desarrollo Integral de la Familia del Municipio de El Fuerte es la de velar, proteger, y apoyar a los grupos  vulnerables de la poblaci\u00f3n; en particular, de las ni\u00f1as y ni\u00f1os, mujeres, adultos mayores y personas con capacidades diferentes, a trav\u00e9s del Desarrollo Comunitario, la Asistencia Alimentaria, los Programas M\u00e9dicos Especiales y la Atenci\u00f3n a Personas con Capacidades Diferentes, sobre estos ejes nos conducimos en el desempe\u00f1o de nuestras labores diarias, y ellos ser\u00e1n fortalecidos durante los pr\u00f3ximos a\u00f1os para mejorar la calidad de los servicios, para llevar mayores beneficios a las familias y las comunidades, para lograr el Rescate y la Transformaci\u00f3n de las familias Fortenses. <\/p>\n\n\n\n<p><strong>Visi\u00f3n<\/strong><\/p>\n\n\n\n<p> General mayores capacidades, recursos y programas en beneficio de la poblaci\u00f3n vulnerable, a fin de apoyar a las personas, familias y comunidades que requieren de todo el esfuerzo del gobierno y de la sociedad, para poder garantizar el acceso a una mejor calidad de vida a trav\u00e9s de impulsar sus derechos humanos y sociales. <\/p>\n","protected":false},"excerpt":{"rendered":"<p>\u00bfQuienes Somos? Misi\u00f3n La responsabilidad del Sistema para el Desarrollo Integral de la Familia del Municipio de El Fuerte es la de velar, proteger, y apoyar a los grupos vulnerables de la poblaci\u00f3n; en particular,<\/p>\n<a href=\"https:\/\/difelfuerte.com.mx\/v2\/?page_id=95\" class=\"btn frontech-btn\"><span><\/span>Leer m\u00e1s<\/a>","protected":false},"author":1,"featured_media":0,"parent":0,"menu_order":0,"comment_status":"closed","ping_status":"closed","template":"","meta":{"footnotes":""},"class_list":["post-95","page","type-page","status-publish","hentry"],"_links":{"self":[{"href":"https:\/\/difelfuerte.com.mx\/v2\/index.php?rest_route=\/wp\/v2\/pages\/95"}],"collection":[{"href":"https:\/\/difelfuerte.com.mx\/v2\/index.php?rest_route=\/wp\/v2\/pages"}],"about":[{"href":"https:\/\/difelfuerte.com.mx\/v2\/index.php?rest_route=\/wp\/v2\/types\/page"}],"author":[{"embeddable":true,"href":"https:\/\/difelfuerte.com.mx\/v2\/index.php?rest_route=\/wp\/v2\/users\/1"}],"replies":[{"embeddable":true,"href":"https:\/\/difelfuerte.com.mx\/v2\/index.php?rest_route=%2Fwp%2Fv2%2Fcomments&post=95"}],"version-history":[{"count":1,"href":"https:\/\/difelfuerte.com.mx\/v2\/index.php?rest_route=\/wp\/v2\/pages\/95\/revisions"}],"predecessor-version":[{"id":117,"href":"https:\/\/difelfuerte.com.mx\/v2\/index.php?rest_route=\/wp\/v2\/pages\/95\/revisions\/117"}],"wp:attachment":[{"href":"https:\/\/difelfuerte.com.mx\/v2\/index.php?rest_route=%2Fwp%2Fv2%2Fmedia&parent=95"}],"curies":[{"name":"wp","href":"https:\/\/api.w.org\/{rel}","templated":true}]}}