{"id":5,"date":"2019-12-12T18:30:59","date_gmt":"2019-12-12T18:30:59","guid":{"rendered":"http:\/\/difelfuerte.com.mx\/v2\/?page_id=5"},"modified":"2020-01-29T18:37:36","modified_gmt":"2020-01-29T18:37:36","slug":"servicios","status":"publish","type":"page","link":"https:\/\/difelfuerte.com.mx\/v2\/?page_id=5","title":{"rendered":"Servicios"},"content":{"rendered":"\n<p><strong>1.- ATENCION A LOS\nADULTOS MAYORES<\/strong><\/p>\n\n\n\n<p>Se tiene como objetivo promover el desarrollo humano de los\nAdultos Mayores, con una atenci\u00f3n integral donde se puedan alcanzar niveles de\nbienestar y una alta calidad de vida dentro de una sociedad m\u00e1s incluyente para\nlos adultos mayores, donde se les pueda ayudar, atender, proteger y dar una\ncorrecta orientaci\u00f3n, siempre fomentando la Ley de los Derechos de las Personas\nadultas mayores, donde las personas de 60 o m\u00e1s a\u00f1os acceda a los distintos\nbeneficios, y descuentos en bienes y servicios con la credencial expedida.<\/p>\n\n\n\n<p><strong>&nbsp;Servicios: <\/strong><\/p>\n\n\n\n<p>\u00b7\nCredenciales INAPAM <\/p>\n\n\n\n<p>\u00b7\nApoyo y coordinaci\u00f3n con los clubes INAPAM-DIF<\/p>\n\n\n\n<p><strong>TRAMITACIONES<\/strong><\/p>\n\n\n\n<p>Credencial Instituto Nacional de las Personas Adultas\nMayores (INAPAM) <\/p>\n\n\n\n<p><strong>Requisitos: <\/strong><\/p>\n\n\n\n<p>\u00b7 60\na\u00f1os cumplidos <\/p>\n\n\n\n<p>\u00b7\nCopia de acta de nacimiento o CURP <\/p>\n\n\n\n<p>\u00b7\nCopia de la credencial de elector o credencial con fotograf\u00eda <\/p>\n\n\n\n<p>\u00b7\nCopia de comprobante de domicilio <\/p>\n\n\n\n<p>\u00b7 2\nfotos tama\u00f1o infantil a color, o blanco y negro <\/p>\n\n\n\n<p>\u00b7\nNombre y tel\u00e9fono de un familiar (Esto para en caso de una emergencia) <\/p>\n\n\n\n<p>Para m\u00e1s Informaci\u00f3n, comun\u00edquese al 01 800 0073705, o al\ncorreo <a href=\"mailto:contacto@inapam.gob.mx\">contacto@inapam.gob.mx<\/a><\/p>\n\n\n\n<p><strong>2.- ASISTENCIA SOCIAL\nY ALIMENTARIA<\/strong><\/p>\n\n\n\n<p><strong>Desayunos Escolares\nFr\u00edos y Calientes <\/strong><\/p>\n\n\n\n<p>Los programas de asistencia alimentaria conforman una\nestrategia fundamental con la sociedad, tenemos el objetivo de hacer brindar\nuna diferencia en la vida de nuestras ni\u00f1as y ni\u00f1os, con el fin de apoyar el\ndesarrollo f\u00edsico y mental. Para el DIF municipal una correcta alimentaci\u00f3n\nnutre la vida de un ni\u00f1o en cada una de las diferentes etapas de su vida,\ncualquiera que sea la edad del menor, este necesita los mismos nutrientes que\nun adulto, en medida que solo cambian las cantidades y porci\u00f3n, por ello\ntenemos estrategias implementadas para el apoyo a las escuelas con alimentos,\nya sea en cualquiera de sus dos modalidades: Desayunos escolares fr\u00edos y\ncalientes. <\/p>\n\n\n\n<p><strong>Apoyos Alimenticios <\/strong><\/p>\n\n\n\n<p>La alimentaci\u00f3n es indispensable para una mejor calidad de\nvida de la sociedad, DIF El Fuerte tiene el objetivo de seguir al p\u00ede de la\nletra los estatutos del DIF Estatal siguiendo a cabo los programas para entrega\nde despensas, por ello trabajamos para realizar los censos para la entrega de\ndespensas, desayunos y huertos hort\u00edcolas pertenecientes al programa de\nasistencia alimentaria, donde se recorren las comunidades del municipio\ndetectando a las personas y familias que cumplan con las caracter\u00edsticas de los\nprogramas, con el objetivo de combatir el rezago alimenticio que existe en\nnuestro municipio, ya que el compromiso de nuestro gobierno con la ciudadan\u00eda\nfortense es apoyar a las personas que menos tienen. <\/p>\n\n\n\n<p><strong>Servicios: <\/strong><\/p>\n\n\n\n<p>\u00b7\nDespensas <\/p>\n\n\n\n<p>\u00b7\nDesayunos escolares fr\u00edos <\/p>\n\n\n\n<p>\u00b7\nDesayunos escolares calientes <\/p>\n\n\n\n<p>\u00b7\nHuertos hort\u00edcolas<\/p>\n\n\n\n<p><strong>TRAMITACIONES<\/strong><\/p>\n\n\n\n<p><strong>Despensas <\/strong><\/p>\n\n\n\n<p>Se seleccionan las comunidades y sus habitantes con m\u00e1s alto\ngrado de marginaci\u00f3n. <\/p>\n\n\n\n<p>Se realizan censos <\/p>\n\n\n\n<p>Se visitan las comunidades beneficiadas <\/p>\n\n\n\n<p><strong>Requisitos: <\/strong><\/p>\n\n\n\n<p>\u00b7\nVisita y estudio socioecon\u00f3mico <\/p>\n\n\n\n<p><strong>Desayunos Escolares <\/strong><\/p>\n\n\n\n<p>Las comunidades que deseen ingresar al programa de desayunos\nescolares se hacen mediante una solicitud entregada por la comunidad donde se\nregistran los datos de la escuela, la clave, n\u00famero de ni\u00f1os. <\/p>\n\n\n\n<p>Se llena un formato que es una carta compromiso, y acta\nconstitutiva donde tanto la escuela como padres de familia se comprometen a\ncumplir los reglamentos establecidos.<\/p>\n\n\n\n<p><strong>Requisitos: <\/strong><\/p>\n\n\n\n<p>\u2022 Solicitud elaborada por el plantel educativo gestionando\neste apoyo de desayunos escolares. <\/p>\n\n\n\n<p>\u2022 Visita y estudio socioecon\u00f3mico. <\/p>\n\n\n\n<p><strong>Huertos Hort\u00edcolas <\/strong><\/p>\n\n\n\n<p>Para los proyectos de huertos, se seleccionan a las\ncomunidades del universo (municipio) de atenci\u00f3n que son 24 comunidades que\ncuentan con un alto y muy alto grado de marginaci\u00f3n. <\/p>\n\n\n\n<p><strong>Requisitos: <\/strong><\/p>\n\n\n\n<p>\u00b7 Ser\nhabitante de alguna de las localidades del universo de atenci\u00f3n <\/p>\n\n\n\n<p>\u00b7\nCopia de credencial de elector <\/p>\n\n\n\n<p>\u00b7\nCopia del curp <\/p>\n\n\n\n<p>\u00b7\nEstudio socioecon\u00f3mico <\/p>\n\n\n\n<p>\u00b7\nFirmar carta solicitud<\/p>\n\n\n\n<p><strong>3.- UNIDAD BASICA DE\nREHABILITACION (UBR)<\/strong><\/p>\n\n\n\n<p>La atenci\u00f3n a la poblaci\u00f3n con discapacidad, y en riesgo\npotencial de presentarlas, as\u00ed como a sus familias, se realiza a trav\u00e9s del\nPrograma de Prevenci\u00f3n, Rehabilitaci\u00f3n e Inclusi\u00f3n Social de las Personas con\nDiscapacidad y sus familias, en el DIF El Fuerte se cuenta con personas\nespecializadas en rehabilitaci\u00f3n que buscan mejorar la calidad de vida a trav\u00e9s\nde la atenci\u00f3n rehabilitatoria integral para favorecer la inclusi\u00f3n educativa,\nlaboral y social. Con el objetivo de atender la cobertura de atenci\u00f3n m\u00e9dica y\nparam\u00e9dica de las personas con discapacidad a trav\u00e9s de la formaci\u00f3n de m\u00e9dicos\nespecialista en rehabilitaci\u00f3n, licenciados en terapia f\u00edsica, terapia\nocupacional, y realizar acciones de educaci\u00f3n continua dirigida al personal\nm\u00e9dico y param\u00e9dico. <\/p>\n\n\n\n<p><strong>Servicios: <\/strong><\/p>\n\n\n\n<p>\u00b7\nTerapia f\u00edsica y ocupacional a las personas con discapacidad y en riesgo\npotencial de presentarla, a trav\u00e9s de sesiones individuales y grupales <\/p>\n\n\n\n<p>\u00b7\nTraslado a pacientes con discapacidad <\/p>\n\n\n\n<p><strong>Unidades B\u00e1sicas de\nRehabilitaci\u00f3n en el municipio de El Fuerte: <\/strong><\/p>\n\n\n\n<p>\u00b7 DIF\nEl Fuerte <\/p>\n\n\n\n<p>\u00b7 DIF\nJahuara II <\/p>\n\n\n\n<p>\u00b7 DIF\nSan Blas <\/p>\n\n\n\n<p>\u00b7 DIF\nMochicahui <\/p>\n\n\n\n<p>\u00b7 DIF\nChinobampo<\/p>\n\n\n\n<p><strong>TRAMITACIONES<\/strong><\/p>\n\n\n\n<p><strong>Terapias de\nRehabilitaci\u00f3n <\/strong><\/p>\n\n\n\n<p><strong>Requisitos: <\/strong><\/p>\n\n\n\n<p>\u00b7 Los\npacientes deben ser referidos por un especialista en medicina f\u00edsica y\nrehabilitaci\u00f3n, con indicaciones de la terapia.<\/p>\n","protected":false},"excerpt":{"rendered":"<p>1.- ATENCION A LOS ADULTOS MAYORES Se tiene como objetivo promover el desarrollo humano de los Adultos Mayores, con una atenci\u00f3n integral donde se puedan alcanzar niveles de bienestar y una alta calidad de vida<\/p>\n<a href=\"https:\/\/difelfuerte.com.mx\/v2\/?page_id=5\" class=\"btn frontech-btn\"><span><\/span>Leer m\u00e1s<\/a>","protected":false},"author":1,"featured_media":0,"parent":0,"menu_order":0,"comment_status":"closed","ping_status":"closed","template":"","meta":{"footnotes":""},"class_list":["post-5","page","type-page","status-publish","hentry"],"_links":{"self":[{"href":"https:\/\/difelfuerte.com.mx\/v2\/index.php?rest_route=\/wp\/v2\/pages\/5"}],"collection":[{"href":"https:\/\/difelfuerte.com.mx\/v2\/index.php?rest_route=\/wp\/v2\/pages"}],"about":[{"href":"https:\/\/difelfuerte.com.mx\/v2\/index.php?rest_route=\/wp\/v2\/types\/page"}],"author":[{"embeddable":true,"href":"https:\/\/difelfuerte.com.mx\/v2\/index.php?rest_route=\/wp\/v2\/users\/1"}],"replies":[{"embeddable":true,"href":"https:\/\/difelfuerte.com.mx\/v2\/index.php?rest_route=%2Fwp%2Fv2%2Fcomments&post=5"}],"version-history":[{"count":2,"href":"https:\/\/difelfuerte.com.mx\/v2\/index.php?rest_route=\/wp\/v2\/pages\/5\/revisions"}],"predecessor-version":[{"id":120,"href":"https:\/\/difelfuerte.com.mx\/v2\/index.php?rest_route=\/wp\/v2\/pages\/5\/revisions\/120"}],"wp:attachment":[{"href":"https:\/\/difelfuerte.com.mx\/v2\/index.php?rest_route=%2Fwp%2Fv2%2Fmedia&parent=5"}],"curies":[{"name":"wp","href":"https:\/\/api.w.org\/{rel}","templated":true}]}}